{"id":559,"date":"2025-04-02T01:57:58","date_gmt":"2025-04-02T01:57:58","guid":{"rendered":"https:\/\/siklah.com\/?post_type=product&#038;p=559"},"modified":"2026-01-26T12:03:04","modified_gmt":"2026-01-26T12:03:04","slug":"liberta","status":"publish","type":"product","link":"https:\/\/siklah.com\/en\/product\/liberta\/","title":{"rendered":"Libert\u00e0"},"content":{"rendered":"<p class=\"translation-block\">Finemente lavorato in <strong>oro giallo 750<\/strong>, con un anello di aggancio nella parte superiore. E\u2019 allungata, leggermente incurvata, con le estremit\u00e0 sottili che si assottigliano verso il basso in modo elegante. La curvatura d\u00e0 un senso di movimento naturale e a guardarla si ha l\u2019impressione che il gioiello resti sospeso nell\u2019aria. La venatura centrale e le barbe laterali sono incise con precisione. Le zone in rilievo creano un effetto tridimensionale, riflettono la luce e conferiscono al monile un aspetto realistico. L\u2019anello, anch\u2019esso d\u2019oro, permette alla piuma di agganciarsi a una collana, a un bracciale o a un piercing.<br>\r\nSimbolo di libert\u00e0 ed eleganza, \u00e8 un pensiero che prende forma, \u00e8 desiderio che si posa sulla pelle senza peso e si fa ammirare con tutta la forza del suo significato.<\/p>","protected":false},"excerpt":{"rendered":"<p>Finemente lavorato in oro giallo 750, con un anello di aggancio nella parte superiore. E\u2019 allungata, leggermente incurvata, con le estremit\u00e0 sottili che si assottigliano verso il basso in modo elegante. La curvatura d\u00e0 un senso di movimento naturale e a guardarla si ha l\u2019impressione che il gioiello resti sospeso nell\u2019aria. La venatura centrale e [&hellip;]<\/p>","protected":false},"featured_media":561,"template":"","meta":{"_acf_changed":false},"product_brand":[],"product_cat":[19],"product_tag":[25],"class_list":{"0":"post-559","1":"product","2":"type-product","3":"status-publish","4":"has-post-thumbnail","6":"product_cat-charms","7":"product_tag-alma","8":"pa_materiale-oro-giallo","10":"first","11":"instock","12":"shipping-taxable","13":"purchasable","14":"product-type-simple"},"acf":[],"jetpack_sharing_enabled":true,"_links":{"self":[{"href":"https:\/\/siklah.com\/en\/wp-json\/wp\/v2\/product\/559","targetHints":{"allow":["GET"]}}],"collection":[{"href":"https:\/\/siklah.com\/en\/wp-json\/wp\/v2\/product"}],"about":[{"href":"https:\/\/siklah.com\/en\/wp-json\/wp\/v2\/types\/product"}],"version-history":[{"count":9,"href":"https:\/\/siklah.com\/en\/wp-json\/wp\/v2\/product\/559\/revisions"}],"predecessor-version":[{"id":2419,"href":"https:\/\/siklah.com\/en\/wp-json\/wp\/v2\/product\/559\/revisions\/2419"}],"wp:featuredmedia":[{"embeddable":true,"href":"https:\/\/siklah.com\/en\/wp-json\/wp\/v2\/media\/561"}],"wp:attachment":[{"href":"https:\/\/siklah.com\/en\/wp-json\/wp\/v2\/media?parent=559"}],"wp:term":[{"taxonomy":"product_brand","embeddable":true,"href":"https:\/\/siklah.com\/en\/wp-json\/wp\/v2\/product_brand?post=559"},{"taxonomy":"product_cat","embeddable":true,"href":"https:\/\/siklah.com\/en\/wp-json\/wp\/v2\/product_cat?post=559"},{"taxonomy":"product_tag","embeddable":true,"href":"https:\/\/siklah.com\/en\/wp-json\/wp\/v2\/product_tag?post=559"}],"curies":[{"name":"wp","href":"https:\/\/api.w.org\/{rel}","templated":true}]}}